{"id":196,"date":"2018-05-31T11:11:50","date_gmt":"2018-05-31T15:11:50","guid":{"rendered":"http:\/\/csce.ca\/?page_id=196"},"modified":"2021-11-03T17:16:11","modified_gmt":"2021-11-03T21:16:11","slug":"student-affairs","status":"publish","type":"page","link":"https:\/\/legacy.csce.ca\/en\/student-membership\/student-affairs\/","title":{"rendered":"Student Affairs"},"content":{"rendered":"[vc_row][vc_column width=&#8221;1\/3&#8243;][vc_single_image image=&#8221;127102&#8243; img_size=&#8221;large&#8221; style=&#8221;vc_box_shadow&#8221; onclick=&#8221;custom_link&#8221; css_animation=&#8221;bottom-to-top&#8221; link=&#8221;https:\/\/cscecompetitions.ca\/en\/home\/&#8221;][vc_row_inner][vc_column_inner][vc_column_text]<a href=\"https:\/\/csce.ca\/wp-content\/uploads\/2018\/06\/Students_Benefits_ML_Nov2017-2.pdf\" class=\"image-link\"><img decoding=\"async\" loading=\"lazy\" class=\"alignnone wp-image-127196 size-medium\" src=\"https:\/\/csce.ca\/wp-content\/uploads\/2019\/10\/LEARN-ABOUT-BENEFITS-300x50.png\" alt=\"\" width=\"300\" height=\"50\" srcset=\"https:\/\/legacy.csce.ca\/wp-content\/uploads\/2019\/10\/LEARN-ABOUT-BENEFITS-300x50.png 300w, https:\/\/legacy.csce.ca\/wp-content\/uploads\/2019\/10\/LEARN-ABOUT-BENEFITS-600x100.png 600w, https:\/\/legacy.csce.ca\/wp-content\/uploads\/2019\/10\/LEARN-ABOUT-BENEFITS-768x128.png 768w, https:\/\/legacy.csce.ca\/wp-content\/uploads\/2019\/10\/LEARN-ABOUT-BENEFITS-515x86.png 515w, https:\/\/legacy.csce.ca\/wp-content\/uploads\/2019\/10\/LEARN-ABOUT-BENEFITS-82x14.png 82w, https:\/\/legacy.csce.ca\/wp-content\/uploads\/2019\/10\/LEARN-ABOUT-BENEFITS-100x17.png 100w, https:\/\/legacy.csce.ca\/wp-content\/uploads\/2019\/10\/LEARN-ABOUT-BENEFITS-156x26.png 156w, https:\/\/legacy.csce.ca\/wp-content\/uploads\/2019\/10\/LEARN-ABOUT-BENEFITS.png 864w\" sizes=\"(max-width: 300px) 100vw, 300px\" \/><\/a><\/p>\n<p><a href=\"https:\/\/csce.ca\/en\/student-registration-form\/\" class=\"image-link\"><img decoding=\"async\" loading=\"lazy\" class=\"alignnone size-medium wp-image-127194\" src=\"https:\/\/csce.ca\/wp-content\/uploads\/2019\/10\/JOIN-TODAY-300x50.png\" alt=\"\" width=\"300\" height=\"50\" srcset=\"https:\/\/legacy.csce.ca\/wp-content\/uploads\/2019\/10\/JOIN-TODAY-300x50.png 300w, https:\/\/legacy.csce.ca\/wp-content\/uploads\/2019\/10\/JOIN-TODAY-600x100.png 600w, https:\/\/legacy.csce.ca\/wp-content\/uploads\/2019\/10\/JOIN-TODAY-768x128.png 768w, https:\/\/legacy.csce.ca\/wp-content\/uploads\/2019\/10\/JOIN-TODAY-515x86.png 515w, https:\/\/legacy.csce.ca\/wp-content\/uploads\/2019\/10\/JOIN-TODAY-82x14.png 82w, https:\/\/legacy.csce.ca\/wp-content\/uploads\/2019\/10\/JOIN-TODAY-100x17.png 100w, https:\/\/legacy.csce.ca\/wp-content\/uploads\/2019\/10\/JOIN-TODAY-156x26.png 156w, https:\/\/legacy.csce.ca\/wp-content\/uploads\/2019\/10\/JOIN-TODAY.png 864w\" sizes=\"(max-width: 300px) 100vw, 300px\" \/><\/a>[\/vc_column_text][\/vc_column_inner][\/vc_row_inner][vc_custom_heading text=&#8221;Documents&#8221;][vc_column_text]<strong>STUDENT CHAPTER RESOURCES<\/strong><\/p>\n<ul>\n<li><a href=\"\/wp-content\/uploads\/2018\/09\/CSCE-Student-Chapter-Guidebook-Rev-3.pdf\" target=\"_blank\" rel=\"noopener noreferrer\">Student Chapter Guidebook<\/a> \u2013 Revision 3<\/li>\n<li><a href=\"\/wp-content\/uploads\/2018\/09\/CSCE-Annual-Report-Template.pdf\" target=\"_blank\" rel=\"noopener noreferrer\">Chapter Annual Report Template<\/a> (<a href=\"\/wp-content\/uploads\/2018\/09\/CSCE-Annual-Report-Template.pdf\" target=\"_blank\" rel=\"noopener noreferrer\">pdf<\/a>) (<a href=\"\/wp-content\/uploads\/2018\/09\/CSCE-Annual-Report-Template.doc\" target=\"_blank\" rel=\"noopener noreferrer\">doc<\/a>) ***NOTE: the Interim Report is due on January 31. The Annual Report is due on March 31. Use the Annual Report Template.<\/li>\n<li><a href=\"\/wp-content\/uploads\/2018\/09\/Advisor-Commendation-Nomination-Form.pdf\" target=\"_blank\" rel=\"noopener noreferrer\">Advisor Commendation Nomination Form<\/a><\/li>\n<li><a href=\"\/wp-content\/uploads\/2018\/09\/ASCE-Sample-Student-Chapter-Constitution.pdf\" target=\"_blank\" rel=\"noopener noreferrer\">SAMPLE Student Chapter Constitution<\/a><\/li>\n<li><a href=\"\/wp-content\/uploads\/2018\/09\/CSCE-StudentAwardsBooklet-2018-J8-Proof.pdf\" target=\"_blank\" rel=\"noopener noreferrer\">2018 CSCE Student Awards Booklet<\/a><\/li>\n<\/ul>\n[\/vc_column_text][vc_column_text][\/vc_column_text][\/vc_column][vc_column width=&#8221;2\/3&#8243;][vc_tta_accordion style=&#8221;modern&#8221; active_section=&#8221;1&#8243;][vc_tta_section title=&#8221;Welcome&#8221; tab_id=&#8221;mandate_committee&#8221;][vc_column_text]&nbsp;<\/p>\n<p>&nbsp;<\/p>\n<p><strong>September 2020<\/strong><\/p>\n<p><img decoding=\"async\" loading=\"lazy\" class=\" wp-image-207104 alignleft\" src=\"https:\/\/csce.ca\/wp-content\/uploads\/2021\/11\/alan-lloyd.jpg\" alt=\"\" width=\"157\" height=\"207\" \/><\/p>\n<p><b>WELCOME <\/b><b>MESSAGE<\/b><\/p>\n<p><strong>CSCE Student Chapters: Opportunities for Professional Development <\/strong><\/p>\n<p><em><a href=\"mailto:Alan.Lloyd@unb.ca\">Alan Lloyd<\/a>, PhD &#8211; <\/em><em>Chair, CSCE Student Affairs Committee<br \/>\nAssistant Professor of Civil Engineering, University of New Brunswick<\/em><br \/>\n<Br><\/p>\n<h3>A New School Year Unlike Any Other: New Challenges, New Opportunities?<\/h3>\n<p>In past years, at the beginning of a news school year, I would welcome you filled with enthusiasm and tell you how eventful and successful the past school year had been and how excited and hopeful I was for the upcoming one<strong>. <\/strong><\/p>\n<p>Yes, the past school year was eventful, but ended in a rather bizarre manner. It has been a new and sobering experience for all of us, but I do hope that you are all well and healthy during these difficult times. I am sure that your respective schools have been hard at work preparing to deliver the best learning experience to you. Whether your new school year begins with remote learning, in-person classes, or a hybrid model, let us all continue to put our safety and health first.<\/p>\n<p>The COVID-19 pandemic was disruptive to the 2019\/2020 academic year, but we rose magnificently to the challenge; our individual and collective acts of determination, creativity and just plain hard work shone through. The CSCE Student Affairs committee would like to applaud all our students for showing an unmatched resilience and great leadership in these extraordinary times, and our faculty advisors for showing compassion and caring for our students while adapting to their new reality of online learning and virtual student engagement. Moving forward, let us continue to care for one another and support each other the best way we can. I will especially ask that we all keep our international students in our thoughts, and support them whenever we can, and together we will overcome this, we will become stronger as a result of the lessons we learn today. Let all your activities as student chapters and organizations be guided by your institution\u2019s requirements and by local and provincial prevention plans. The containment of this pandemic is in all of our hands.<strong>\u00a0<\/strong><\/p>\n<p><strong>Wash Your Hands.<br \/>\n<\/strong><strong>Wear Your Mask. Watch Your Distance.<\/strong><\/p>\n<p>As chair of student affairs, I cannot honestly tell you that I have got this new academic year all figured out. But one thing I know is that the CSCE values its student members and we will continue to provide you with opportunities and<\/p>\n<p>experiences that stimulate early professional consciousness. We will work together with you to turn our challenges into new learning opportunities. We will aggressively pursue the CSCE mentorship program for you to continue to connect with seasoned professionals who would provide you insights into our profession Student Affairs will continue to work hard in collaboration with the CSCE Regional Coordinating Committee to build connections between student chapters and regional and local CSCE sections, and to provide you with consistent engagement throughout the school year. I ask all student chapter leaders to email me and I will put you in contact with CSCE leaders in your region.<\/p>\n<p>Further, keep an eye on our website. We will be posting news, links to new resources and webinar opportunities to help new and existing student chapters. Times have truly changed, and more now than ever before, your active participation in your student chapter will prove enriching for you as you begin making those lifelong professional contacts.[\/vc_column_text][\/vc_tta_section][vc_tta_section title=&#8221;News&#8221; tab_id=&#8221;objectives-committee&#8221;][vc_column_text]<strong>Unprecedented Student Participation at Fredericton, NB<\/strong><\/p>\n<p>Charles-Darwin Annan, Ph.D., P.Eng.<br \/>\nChair, CSCE Student Affairs Committee<\/p>\n<p>The 2018 CSCE Annual conference in Fredericton, NB, in mid-June recorded an unprecedented participation of CSCE student members from every corner of Canada. In fact, the experience as expressed by the students themselves was beyond just participation. For CSCE, it was a huge step forward in achieving its core strategic direction to grow with the youth. As National Chair of Student Affairs, I would like to thank my committee members, the Young Professionals (YP) team, and every volunteer who worked diligently to ensure this great success and to provide the right platform for our students to initiate valuable professional contacts.<\/p>\n<p>Congratulations to UBC Vancouver for winning the President\u2019s Award for the most Outstanding CSCE Student Chapter; Western and BCIT Student Chapters scooped second and third places, respectively; Concordia and Laval made the most significant improvement, and UNB and Waterloo received honourable mentions for the most consistent performance. Mr. Martin Bolo, faculty advisor for BCIT Student Chapter, received a Certificate of Commendation for his outstanding contribution to his Chapter.<\/p>\n<p>Congratulations also go to Universit\u00e9 de Sherbrooke for winning the National Civil Engineering Capstone Design Competition; UBC Okanagan and Memorial University of Newfoundland for taking second and third places, respectively. \u00c9cole de techechnologie sup\u00e9rieure (\u00c9TS) was the winner of both the Canadian National Concrete Canoe and the Canadian National Steel Bridge competitions. Congratulations, \u00c9TS.<\/p>\n<p>Individual students also made their mark in the student research paper and presentation competition. Congratulations to: Laurent G\u00e9rin from University of Waterloo for winning the Structural Specialty Award; Thomas MacLean from University of New Brunswick for winning the Materials Specialty Award; Timothy Vogel from University of Saskatchewan for winning the Environmental Specialty Award; Jacob Stolle from University of Ottawa for winning the Disaster Mitigation specialty Award; Danny Haines from University of Calgary for winning the Transportation Specialty Award; and Henry Helmer-Smith from Royal Military College of Canada for winning in the General Conference category.<\/p>\n<p>This is the time to get involved. This is the time to make your FREE student membership count and be part of a rewarding experience. Get involved in your CSCE Student Chapter today and begin those lifelong and valuable professional contacts.<\/p>\n<p><em>Dr. Charles-Darwin Annan is an associate professor of civil engineering at Universit\u00e9 Laval and can be reached at Charles-darwin.annan@gci.ulaval.ca<\/em>[\/vc_column_text][\/vc_tta_section][\/vc_tta_accordion][\/vc_column][\/vc_row][vc_row][vc_column][vc_tta_accordion style=&#8221;modern&#8221; shape=&#8221;square&#8221; active_section=&#8221;4546676s8d7g6sgljsdruwe45454df7s&#8221; collapsible_all=&#8221;true&#8221;][vc_tta_section title=&#8221;Composition of the committee&#8221; tab_id=&#8221;members-committee&#8221;][vc_column_text]<img decoding=\"async\" loading=\"lazy\" class=\"aligncenter wp-image-144840 size-full\" src=\"https:\/\/csce.ca\/wp-content\/uploads\/2020\/02\/Master-Org-Chart-CSCE-Student-Competitions-February-23-2020-scaled.jpg\" alt=\"\" width=\"1920\" height=\"2560\" srcset=\"https:\/\/legacy.csce.ca\/wp-content\/uploads\/2020\/02\/Master-Org-Chart-CSCE-Student-Competitions-February-23-2020-scaled.jpg 1920w, https:\/\/legacy.csce.ca\/wp-content\/uploads\/2020\/02\/Master-Org-Chart-CSCE-Student-Competitions-February-23-2020-scaled-600x800.jpg 600w, https:\/\/legacy.csce.ca\/wp-content\/uploads\/2020\/02\/Master-Org-Chart-CSCE-Student-Competitions-February-23-2020-225x300.jpg 225w, https:\/\/legacy.csce.ca\/wp-content\/uploads\/2020\/02\/Master-Org-Chart-CSCE-Student-Competitions-February-23-2020-768x1024.jpg 768w, https:\/\/legacy.csce.ca\/wp-content\/uploads\/2020\/02\/Master-Org-Chart-CSCE-Student-Competitions-February-23-2020-1152x1536.jpg 1152w, https:\/\/legacy.csce.ca\/wp-content\/uploads\/2020\/02\/Master-Org-Chart-CSCE-Student-Competitions-February-23-2020-1536x2048.jpg 1536w, https:\/\/legacy.csce.ca\/wp-content\/uploads\/2020\/02\/Master-Org-Chart-CSCE-Student-Competitions-February-23-2020-150x200.jpg 150w, https:\/\/legacy.csce.ca\/wp-content\/uploads\/2020\/02\/Master-Org-Chart-CSCE-Student-Competitions-February-23-2020-62x82.jpg 62w, https:\/\/legacy.csce.ca\/wp-content\/uploads\/2020\/02\/Master-Org-Chart-CSCE-Student-Competitions-February-23-2020-75x100.jpg 75w, https:\/\/legacy.csce.ca\/wp-content\/uploads\/2020\/02\/Master-Org-Chart-CSCE-Student-Competitions-February-23-2020-117x156.jpg 117w\" sizes=\"(max-width: 1920px) 100vw, 1920px\" \/><\/p>\n<p>MEMBERS<\/p>\n<p>Dr. John Adam Gales, York University (Member) &#8211; <a href=\"mailto:jgales@yorku.ca\">jgales@yorku.ca<\/a><\/p>\n<p>Dr. Alan Lloyd, University of New Brunswick (Member) &#8211; <a href=\"mailto:Alan.Lloyd@unb.ca\">Alan.Lloyd@unb.ca<\/a><\/p>\n<p>Dr. Ali Imanpour, University of Alberta (Member) &#8211; <a href=\"mailto:imanpour@ualberta.ca\">imanpour@ualberta.ca<\/a><\/p>\n<p>Dr. Saber Moradi, Ryerson University (Member) &#8211; <a href=\"mailto:s.moradi@ryerson.ca\">s.moradi@ryerson.ca<\/a><\/p>\n<p>\u2014\u2014\u2014\u2014\u2014\u2014\u2014\u2014\u2014\u2014\u2013<\/p>\n<p>Click <a href=\"\/about-us\/organizational-chart\/student_chapters\/\" target=\"_blank\" rel=\"noopener noreferrer\">here<\/a> for a list of Student Chapters with contact information for Chapter Presidents and Faculty Advisors.[\/vc_column_text][\/vc_tta_section][vc_tta_section title=&#8221;SCHOLARSHIPS&#8221; tab_id=&#8221;student-scholarships&#8221;][vc_column_text]<strong>DONALD JAMIESON FELLOWSHIP<\/strong> Established in 1987 in honour of the late Donald Jamieson, a prominent and talented structural engineer from Vancouver, B.C., the fellowship is awarded to full-time graduate students in structural engineering at a Canadian University. Please contact the civil engineering department at your university for application details.<\/p>\n<p><a href=\"\/bursaries\">See page Busaries<\/a>[\/vc_column_text][\/vc_tta_section][\/vc_tta_accordion][\/vc_column][\/vc_row]\n","protected":false},"excerpt":{"rendered":"<p>[vc_row][vc_column width=&#8221;1\/3&#8243;][vc_single_image image=&#8221;127102&#8243; img_size=&#8221;large&#8221; style=&#8221;vc_box_shadow&#8221; onclick=&#8221;custom_link&#8221; css_animation=&#8221;bottom-to-top&#8221; link=&#8221;https:\/\/cscecompetitions.ca\/en\/home\/&#8221;][vc_row_inner][vc_column_inner][vc_column_text] [\/vc_column_text][\/vc_column_inner][\/vc_row_inner][vc_custom_heading text=&#8221;Documents&#8221;][vc_column_text]STUDENT CHAPTER RESOURCES Student Chapter Guidebook \u2013 Revision 3 Chapter Annual Report Template (pdf) (doc) ***NOTE: the Interim Report is due [&hellip;]<\/p>\n","protected":false},"author":3,"featured_media":0,"parent":40,"menu_order":0,"comment_status":"closed","ping_status":"closed","template":"","meta":[],"acf":[],"_links":{"self":[{"href":"https:\/\/legacy.csce.ca\/en\/wp-json\/wp\/v2\/pages\/196"}],"collection":[{"href":"https:\/\/legacy.csce.ca\/en\/wp-json\/wp\/v2\/pages"}],"about":[{"href":"https:\/\/legacy.csce.ca\/en\/wp-json\/wp\/v2\/types\/page"}],"author":[{"embeddable":true,"href":"https:\/\/legacy.csce.ca\/en\/wp-json\/wp\/v2\/users\/3"}],"replies":[{"embeddable":true,"href":"https:\/\/legacy.csce.ca\/en\/wp-json\/wp\/v2\/comments?post=196"}],"version-history":[{"count":5,"href":"https:\/\/legacy.csce.ca\/en\/wp-json\/wp\/v2\/pages\/196\/revisions"}],"predecessor-version":[{"id":207107,"href":"https:\/\/legacy.csce.ca\/en\/wp-json\/wp\/v2\/pages\/196\/revisions\/207107"}],"up":[{"embeddable":true,"href":"https:\/\/legacy.csce.ca\/en\/wp-json\/wp\/v2\/pages\/40"}],"wp:attachment":[{"href":"https:\/\/legacy.csce.ca\/en\/wp-json\/wp\/v2\/media?parent=196"}],"curies":[{"name":"wp","href":"https:\/\/api.w.org\/{rel}","templated":true}]}}