{"id":180,"date":"2018-05-31T10:43:48","date_gmt":"2018-05-31T14:43:48","guid":{"rendered":"http:\/\/csce.ca\/?page_id=180"},"modified":"2021-11-03T17:56:32","modified_gmt":"2021-11-03T21:56:32","slug":"construction","status":"publish","type":"page","link":"https:\/\/legacy.csce.ca\/en\/committees\/construction\/","title":{"rendered":"Construction Division"},"content":{"rendered":"[vc_row][vc_column width=&#8221;1\/3&#8243;][vc_single_image image=&#8221;127659&#8243; img_size=&#8221;large&#8221; style=&#8221;vc_box_shadow&#8221; css_animation=&#8221;bottom-to-top&#8221;][vc_column_text]Division Chair\u2019s Message<\/p>\n<p><a href=\"\/wp-content\/uploads\/2018\/08\/September-2017-Construction-Division-letter.pdf\" target=\"_blank\" rel=\"noopener noreferrer\">September 2017 message<\/a> to all interested CSCE members.<\/p>\n<p><a href=\"\/wp-content\/uploads\/2018\/08\/CSCE-Construction-Division-2016-letter-1-2.pdf\" target=\"_blank\" rel=\"noopener noreferrer\">September 2016 message<\/a> to all interested CSCE members .<\/p>\n<p><a href=\"\/wp-content\/uploads\/2018\/08\/CONSTRUCTION-DIVISION-2012-2013-Planning-Year1.pdf\" target=\"_blank\" rel=\"noopener noreferrer\">Construction Division 2012-2013 Planning Year<\/a><\/p>\n<p><a href=\"\/wp-content\/uploads\/2018\/08\/Construction-Division-Information-2012-2013.pdf\" target=\"_blank\" rel=\"noopener noreferrer\">Construction Division Information 2012-2013<\/a>[\/vc_column_text][\/vc_column][vc_column width=&#8221;2\/3&#8243;][vc_tta_accordion style=&#8221;modern&#8221; active_section=&#8221;1&#8243;][vc_tta_section title=&#8221;Mandate&#8221; tab_id=&#8221;mandate_committee&#8221;][vc_column_text]<strong>Mandate Statement<\/strong><\/p>\n<p>The mandate of the Construction Division is to represent those CSCE members interested in Construction activities in Canada and to support CSCE by conducting activities that are related to the fields of Construction.<\/p>\n<p><strong>Division Chair:<\/strong><\/p>\n<p><a href=\"mailto:mazdak.nikbakht@concordia.ca\">Mazdak Nik Bakht<\/a>, PhD &#8211; Associate Professor, Building, Civil, and Environmental Engineering[\/vc_column_text][\/vc_tta_section][vc_tta_section title=&#8221;Our Objectives&#8221; tab_id=&#8221;objectives-committee&#8221;][vc_column_text]<strong>Objectives<\/strong><\/p>\n<p>To support the CSCE Strategic Directions (Enhanced Services To Members, Growing With Youth, Leadership In Sustainable Infrastructure), the Division envisions its goals as:<\/p>\n<ol>\n<li>Develop relationships between academic and industry members<\/li>\n<li>Increase communication within the Division<\/li>\n<li>Progressively support CSCE delivery activities at a high level of quality<\/li>\n<li>Develop an \u201cefficient\u201d mechanism for information dissemination<\/li>\n<\/ol>\n[\/vc_column_text][\/vc_tta_section][\/vc_tta_accordion][\/vc_column][\/vc_row][vc_row][vc_column][vc_tta_accordion style=&#8221;modern&#8221; shape=&#8221;square&#8221; active_section=&#8221;4546676s8d7g6sgljsdruwe45454df7s&#8221; collapsible_all=&#8221;true&#8221;][vc_tta_section title=&#8221;Organizational Chart&#8221; tab_id=&#8221;members-committee&#8221;][vc_column_text]<strong>Organizational Chart<\/strong><\/p>\n<p>The Construction Division is a volunteer-based Technical Division.<\/p>\n<p><strong>Chair<\/strong>:<br \/>\n<a href=\"mailto:mazdak.nikbakht@concordia.ca\">Mazdak Nik Bakht<\/a>, PhD &#8211; Associate Professor, Building, Civil, and Environmental Engineering<\/p>\n<p><strong>Vice-chair:<br \/>\n<\/strong><a href=\"mailto:Adel.Francis@etsmtl.ca\">Adel Francis<\/a>\u00a0|\u00a0<strong>\u00a0<\/strong>Professeur<br \/>\nD\u00e9partement de g\u00e9nie de la construction<br \/>\nDirecteurs des Ma\u00eetrises en g\u00e9nie, projets internationaux et ing\u00e9nierie<br \/>\nD\u00e9l\u00e9gu\u00e9 aux programmes de certificat \u2013 D\u00e9partement de g\u00e9nie de la construction<br \/>\n\u00c9cole de technologie sup\u00e9rieure\u00a0\u00a0|\u00a0\u00a0Universit\u00e9 du Qu\u00e9bec<br \/>\n1100, rue Notre-Dame Ouest, bureau A-1593<br \/>\nMontr\u00e9al (Qu\u00e9bec)\u00a0\u00a0H3C 1K3<br \/>\nT\u00e9l.\u00a0514\u00a0396-8415<\/p>\n<p><strong>Vice-Chair<\/strong>:<a href=\"mailto:Mohamed.Issa@umanitoba.ca\" target=\"_blank\" rel=\"noopener noreferrer\"><br \/>\n<\/a><a href=\"mailto:Mohamed.Issa@umanitoba.ca\">Mohamed Issa<\/a> PhD, PEng, LEED Green Associate<br \/>\nAssistant Professor, Construction Engineering and Management<br \/>\nDepartment of Civil Engineering, University of Manitoba<br \/>\nE3-589, EITC, 15 Gillson Street<br \/>\nWinnipeg, MB, R3T 2N2<br \/>\nPhone: (204) 474-8786<\/p>\n<p><strong>Secretary<\/strong><a href=\"mailto:sara.rankohi@groupecanam.com\" target=\"_blank\" rel=\"noopener noreferrer\"><br \/>\n<\/a><a href=\"mailto:sara.rankohi@groupecanam.com\">Sara Rankohi<\/a> P.Eng.<br \/>\nProject Manager, Joist &amp; Deck \/ G\u00e9rante de projets, Poutrelles et tablier m\u00e9tallique<br \/>\nCanam-b\u00e2timents, une division de Groupe Canam inc. \/ Canam-Buildings, a division of Canam Group Inc.<br \/>\nT 450-641-4000; 3282[\/vc_column_text][\/vc_tta_section][vc_tta_section title=&#8221;CSCE-CTN 17-18&#8243; tab_id=&#8221;1501162590816-8c0a78aa-51b9&#8243;][vc_column_text]To view a list of \u00a0CSCE-CTN 17-18 please click <a href=\"\/wp-content\/uploads\/2018\/08\/CSCE-CTN-List-17-18.xlsx\">HERE<\/a><\/p>\n<p>To view a list of CSCE-CTN 17-18 fusion tables, please click <a href=\"\/wp-content\/uploads\/2018\/08\/CSCE-CTN-List-17-18-fusion-tables-1.xlsx\">HERE<\/a>[\/vc_column_text][\/vc_tta_section][\/vc_tta_accordion][\/vc_column][\/vc_row][vc_row][vc_column][vc_raw_html]JTNDJTIxLS1pZnJhbWUlMjBzcmMlM0QlMjJodHRwcyUzQSUyRiUyRmZ1c2lvbnRhYmxlcy5nb29nbGV1c2VyY29udGVudC5jb20lMkZlbWJlZHZpeiUzRnElM0RzZWxlY3QlMkJjb2w1JTJCZnJvbSUyQjFjalZ4dENwQkNKTmhBb1RfYkRFX3VtLXFsNUJLcklUbkhEYXBPRkRPJTI2dml6JTNETUFQJTI2aCUzRGZhbHNlJTI2bGF0JTNENTAlMjZsbmclM0QtMTAwJTI2dCUzRDElMjZ6JTNENCUyNmwlM0Rjb2w1JTI2eSUzRDMlMjZ0bXBsdCUzRDQlMjZobWwlM0RHRU9DT0RBQkxFJTIyJTIwc3R5bGUlM0QlMjJ3aWR0aCUzQSUyMDEwMCUyNSUzQiUyMGhlaWdodCUzQSUyMDQwMHB4JTNCJTIyJTNFJTNDJTJGaWZyYW1lLS0lM0UlMEElM0NpZnJhbWUlMjBzcmMlM0QlMjIlMkZtYXAlMkZjb25zdHJ1Y3Rpb24lMkZjc2NlLWN0bi1tYXAuaHRtbCUyMiUyMHN0eWxlJTNEJTIyd2lkdGglM0ElMjAxMDAlMjUlM0IlMjBoZWlnaHQlM0ElMjA0MDBweCUzQiUyMiUzRSUzQyUyRmlmcmFtZSUzRQ==[\/vc_raw_html][vc_column_text][\/vc_column_text][\/vc_column][\/vc_row]\n","protected":false},"excerpt":{"rendered":"<p>[vc_row][vc_column width=&#8221;1\/3&#8243;][vc_single_image image=&#8221;127659&#8243; img_size=&#8221;large&#8221; style=&#8221;vc_box_shadow&#8221; css_animation=&#8221;bottom-to-top&#8221;][vc_column_text]Division Chair\u2019s Message September 2017 message to all interested CSCE members. September 2016 message to all interested CSCE members . Construction Division 2012-2013 Planning Year [&hellip;]<\/p>\n","protected":false},"author":3,"featured_media":0,"parent":157,"menu_order":0,"comment_status":"closed","ping_status":"closed","template":"","meta":[],"acf":[],"_links":{"self":[{"href":"https:\/\/legacy.csce.ca\/en\/wp-json\/wp\/v2\/pages\/180"}],"collection":[{"href":"https:\/\/legacy.csce.ca\/en\/wp-json\/wp\/v2\/pages"}],"about":[{"href":"https:\/\/legacy.csce.ca\/en\/wp-json\/wp\/v2\/types\/page"}],"author":[{"embeddable":true,"href":"https:\/\/legacy.csce.ca\/en\/wp-json\/wp\/v2\/users\/3"}],"replies":[{"embeddable":true,"href":"https:\/\/legacy.csce.ca\/en\/wp-json\/wp\/v2\/comments?post=180"}],"version-history":[{"count":5,"href":"https:\/\/legacy.csce.ca\/en\/wp-json\/wp\/v2\/pages\/180\/revisions"}],"predecessor-version":[{"id":207111,"href":"https:\/\/legacy.csce.ca\/en\/wp-json\/wp\/v2\/pages\/180\/revisions\/207111"}],"up":[{"embeddable":true,"href":"https:\/\/legacy.csce.ca\/en\/wp-json\/wp\/v2\/pages\/157"}],"wp:attachment":[{"href":"https:\/\/legacy.csce.ca\/en\/wp-json\/wp\/v2\/media?parent=180"}],"curies":[{"name":"wp","href":"https:\/\/api.w.org\/{rel}","templated":true}]}}